{"id":87,"date":"2015-10-22T03:17:26","date_gmt":"2015-10-22T03:17:26","guid":{"rendered":"http:\/\/demo.thimpress.com\/eduma\/?page_id=87"},"modified":"2023-05-18T12:59:57","modified_gmt":"2023-05-18T10:59:57","slug":"contact","status":"publish","type":"page","link":"https:\/\/centrumwm.pl\/?page_id=87","title":{"rendered":"Contact"},"content":{"rendered":"\t\t<div data-elementor-type=\"wp-post\" data-elementor-id=\"87\" class=\"elementor elementor-87\">\n\t\t\t\t\t\t<section class=\"elementor-section elementor-top-section elementor-element elementor-element-3e13ad1 elementor-section-stretched elementor-section-boxed elementor-section-height-default elementor-section-height-default\" data-id=\"3e13ad1\" data-element_type=\"section\" data-settings=\"{&quot;stretch_section&quot;:&quot;section-stretched&quot;}\">\n\t\t\t\t\t\t<div class=\"elementor-container elementor-column-gap-custom\">\n\t\t\t\t\t<div class=\"elementor-column elementor-col-33 elementor-top-column elementor-element elementor-element-f25b691\" data-id=\"f25b691\" data-element_type=\"column\" data-settings=\"{&quot;background_background&quot;:&quot;classic&quot;}\">\n\t\t\t<div class=\"elementor-widget-wrap elementor-element-populated\">\n\t\t\t\t\t\t<div class=\"elementor-element elementor-element-c6f58bd iconbox-text-center elementor-widget elementor-widget-thim-icon-box\" data-id=\"c6f58bd\" data-element_type=\"widget\" data-widget_type=\"thim-icon-box.default\">\n\t\t\t\t<div class=\"elementor-widget-container\">\n\t\t\t\t\t<div class=\"thim-widget-icon-box\"><div class=\"wrapper-box-icon text-center \"><div class=\"smicon-box iconbox-top\"><div class=\"boxes-icon\"><span class=\"inner-icon\"><span class=\"icon\"><i aria-hidden=\"true\" class=\"tk tk-pin1\"><\/i><\/span><\/span><\/div><div class=\"content-inner\"><div class=\"sc-heading\"><p class=\"heading__primary\">Adres<\/p><\/div><div class=\"desc-icon-box\"><div class=\"desc-content\">UL. DWORCOWA 45 \/ 8, 85-009 BYDGOSZCZ<\/div><\/div><\/div><\/div><\/div><\/div>\t\t\t\t<\/div>\n\t\t\t\t<\/div>\n\t\t\t\t\t<\/div>\n\t\t<\/div>\n\t\t\t\t<div class=\"elementor-column elementor-col-33 elementor-top-column elementor-element elementor-element-7581677\" data-id=\"7581677\" data-element_type=\"column\" data-settings=\"{&quot;background_background&quot;:&quot;classic&quot;}\">\n\t\t\t<div class=\"elementor-widget-wrap elementor-element-populated\">\n\t\t\t\t\t\t<div class=\"elementor-element elementor-element-a66d183 iconbox-text-center elementor-widget elementor-widget-thim-icon-box\" data-id=\"a66d183\" data-element_type=\"widget\" data-widget_type=\"thim-icon-box.default\">\n\t\t\t\t<div class=\"elementor-widget-container\">\n\t\t\t\t\t<div class=\"thim-widget-icon-box\"><div class=\"wrapper-box-icon text-center \"><div class=\"smicon-box iconbox-top\"><div class=\"boxes-icon\"><span class=\"inner-icon\"><span class=\"icon\"><i aria-hidden=\"true\" class=\"tk tk-teacher\"><\/i><\/span><\/span><\/div><div class=\"content-inner\"><div class=\"sc-heading\"><p class=\"heading__primary\">Dane kontaktowe<\/p><\/div><div class=\"desc-icon-box\"><div class=\"desc-content\">Telefon: (+48) 502-626-171<\/br>\nGorca linia: (+48) 502-626-171<\/br>\nMail: kontakt@centrumwm.pl<\/div><\/div><\/div><\/div><\/div><\/div>\t\t\t\t<\/div>\n\t\t\t\t<\/div>\n\t\t\t\t\t<\/div>\n\t\t<\/div>\n\t\t\t\t<div class=\"elementor-column elementor-col-33 elementor-top-column elementor-element elementor-element-77905de\" data-id=\"77905de\" data-element_type=\"column\" data-settings=\"{&quot;background_background&quot;:&quot;classic&quot;}\">\n\t\t\t<div class=\"elementor-widget-wrap elementor-element-populated\">\n\t\t\t\t\t\t<div class=\"elementor-element elementor-element-578317a iconbox-text-center elementor-widget elementor-widget-thim-icon-box\" data-id=\"578317a\" data-element_type=\"widget\" data-widget_type=\"thim-icon-box.default\">\n\t\t\t\t<div class=\"elementor-widget-container\">\n\t\t\t\t\t<div class=\"thim-widget-icon-box\"><div class=\"wrapper-box-icon text-center \"><div class=\"smicon-box iconbox-top\"><div class=\"boxes-icon\"><span class=\"inner-icon\"><span class=\"icon\"><i aria-hidden=\"true\" class=\"tk tk-clock1\"><\/i><\/span><\/span><\/div><div class=\"content-inner\"><div class=\"sc-heading\"><p class=\"heading__primary\">Godziny otwarcia<\/p><\/div><div class=\"desc-icon-box\"><div class=\"desc-content\">Dni robocze: 09:00 - 20:00 <br\/>\nSobota: 10:30 - 18:00\nNiedziela - nieczynne<\/div><\/div><\/div><\/div><\/div><\/div>\t\t\t\t<\/div>\n\t\t\t\t<\/div>\n\t\t\t\t\t<\/div>\n\t\t<\/div>\n\t\t\t\t\t<\/div>\n\t\t<\/section>\n\t\t\t\t<section class=\"elementor-section elementor-top-section elementor-element elementor-element-71463fb elementor-section-boxed elementor-section-height-default elementor-section-height-default\" data-id=\"71463fb\" data-element_type=\"section\">\n\t\t\t\t\t\t<div class=\"elementor-container elementor-column-gap-no\">\n\t\t\t\t\t<div class=\"elementor-column elementor-col-100 elementor-top-column elementor-element elementor-element-88b5840\" data-id=\"88b5840\" data-element_type=\"column\">\n\t\t\t<div class=\"elementor-widget-wrap elementor-element-populated\">\n\t\t\t\t\t\t<div class=\"elementor-element elementor-element-74968e3 thim-ekits-heading-text-center elementor-widget thim-ekits-heading elementor-widget-thim-heading\" data-id=\"74968e3\" data-element_type=\"widget\" data-widget_type=\"thim-heading.default\">\n\t\t\t\t<div class=\"elementor-widget-container\">\n\t\t\t\t\t<div class=\"sc_heading text-center\"><h3 class=\"title\"> Wype\u0142nij poni\u017cszy formularz, aby\u015bmy mogli lepiej pozna\u0107 Ciebie oraz Twoje potrzeby.<\/h3><\/div>\t\t\t\t<\/div>\n\t\t\t\t<\/div>\n\t\t\t\t\t<\/div>\n\t\t<\/div>\n\t\t\t\t\t<\/div>\n\t\t<\/section>\n\t\t\t\t<section class=\"elementor-section elementor-top-section elementor-element elementor-element-9e3e8fb elementor-section-stretched elementor-section-boxed elementor-section-height-default elementor-section-height-default\" data-id=\"9e3e8fb\" data-element_type=\"section\" data-settings=\"{&quot;stretch_section&quot;:&quot;section-stretched&quot;}\">\n\t\t\t\t\t\t<div class=\"elementor-container elementor-column-gap-no\">\n\t\t\t\t\t<div class=\"elementor-column elementor-col-100 elementor-top-column elementor-element elementor-element-9e34713\" data-id=\"9e34713\" data-element_type=\"column\">\n\t\t\t<div class=\"elementor-widget-wrap elementor-element-populated\">\n\t\t\t\t\t\t<div class=\"elementor-element elementor-element-052e901 elementor-widget elementor-widget-google_maps\" data-id=\"052e901\" data-element_type=\"widget\" data-widget_type=\"google_maps.default\">\n\t\t\t\t<div class=\"elementor-widget-container\">\n\t\t\t\t\t\t\t<div class=\"elementor-custom-embed\">\n\t\t\t<iframe loading=\"lazy\"\n\t\t\t\t\tsrc=\"https:\/\/maps.google.com\/maps?q=Dworcoa%2045%20Bydgoszcz&#038;t=m&#038;z=17&#038;output=embed&#038;iwloc=near\"\n\t\t\t\t\ttitle=\"Dworcoa 45 Bydgoszcz\"\n\t\t\t\t\taria-label=\"Dworcoa 45 Bydgoszcz\"\n\t\t\t><\/iframe>\n\t\t<\/div>\n\t\t\t\t\t\t<\/div>\n\t\t\t\t<\/div>\n\t\t\t\t\t<\/div>\n\t\t<\/div>\n\t\t\t\t\t<\/div>\n\t\t<\/section>\n\t\t\t\t<section class=\"elementor-section elementor-top-section elementor-element elementor-element-64871ef elementor-section-boxed elementor-section-height-default elementor-section-height-default\" data-id=\"64871ef\" data-element_type=\"section\">\n\t\t\t\t\t\t<div class=\"elementor-container elementor-column-gap-default\">\n\t\t\t\t\t<div class=\"elementor-column elementor-col-100 elementor-top-column elementor-element elementor-element-5320d81\" data-id=\"5320d81\" data-element_type=\"column\">\n\t\t\t<div class=\"elementor-widget-wrap elementor-element-populated\">\n\t\t\t\t\t\t<div class=\"dot-border-none dot-active-border-none elementor-element elementor-element-424454e elementor-widget thim-widget-gallery-images\" data-id=\"424454e\" data-element_type=\"widget\" data-widget_type=\"thim-gallery-images.default\">\n\t\t\t\t<div class=\"elementor-widget-container\">\n\t\t\t\t\t<br \/>\n<b>Warning<\/b>:  Undefined array key \"slider_dot_border_border\" in <b>\/home\/virtualki\/232592\/wp-content\/themes\/eduma\/thim-elementor-kit\/gallery-images\/gallery-images.php<\/b> on line <b>769<\/b><br \/>\n<br \/>\n<b>Warning<\/b>:  Undefined array key \"slider_dot_active_border_border\" in <b>\/home\/virtualki\/232592\/wp-content\/themes\/eduma\/thim-elementor-kit\/gallery-images\/gallery-images.php<\/b> on line <b>775<\/b><br \/>\n<div class=\"thim-carousel-wrapper gallery-img not_have_color\" data-visible=\"5\" data-itemtablet=\"3\" data-autoplay=\"0\" data-navigation=\"1\" data-pagination=\"0\" data-loop=\"true\"><div class=\"item\"><a target=_self href=\"#\"><img decoding=\"async\" width=\"151\" height=\"151\" src=\"https:\/\/centrumwm.pl\/wp-content\/uploads\/2022\/08\/icon-partner-3.png\" class=\"attachment-full size-full\" alt=\"\" srcset=\"https:\/\/centrumwm.pl\/wp-content\/uploads\/2022\/08\/icon-partner-3.png 151w, https:\/\/centrumwm.pl\/wp-content\/uploads\/2022\/08\/icon-partner-3-100x100.png 100w\" sizes=\"(max-width: 151px) 100vw, 151px\" \/><\/a><\/div><div class=\"item\"><a target=_self href=\"#\"><img fetchpriority=\"high\" decoding=\"async\" width=\"829\" height=\"204\" src=\"https:\/\/centrumwm.pl\/wp-content\/uploads\/2023\/05\/Logo_CWM.jpg\" class=\"attachment-full size-full\" alt=\"\" srcset=\"https:\/\/centrumwm.pl\/wp-content\/uploads\/2023\/05\/Logo_CWM.jpg 829w, https:\/\/centrumwm.pl\/wp-content\/uploads\/2023\/05\/Logo_CWM-600x148.jpg 600w, https:\/\/centrumwm.pl\/wp-content\/uploads\/2023\/05\/Logo_CWM-300x74.jpg 300w, https:\/\/centrumwm.pl\/wp-content\/uploads\/2023\/05\/Logo_CWM-768x189.jpg 768w\" sizes=\"(max-width: 829px) 100vw, 829px\" \/><\/a><\/div><\/div>\t\t\t\t<\/div>\n\t\t\t\t<\/div>\n\t\t\t\t\t<\/div>\n\t\t<\/div>\n\t\t\t\t\t<\/div>\n\t\t<\/section>\n\t\t\t\t<\/div>\n\t\t","protected":false},"excerpt":{"rendered":"<p>Adres UL. DWORCOWA 45 \/ 8, 85-009 BYDGOSZCZ Dane kontaktowe Telefon: (+48) 502-626-171 Gorca linia: (+48) 502-626-171 Mail: kontakt@centrumwm.pl Godziny otwarcia Dni robocze: 09:00 &#8211; 20:00 Sobota: 10:30 &#8211; 18:00 Niedziela &#8211; nieczynne Wype\u0142nij poni\u017cszy formularz, aby\u015bmy mogli lepiej pozna\u0107 &hellip; <\/p>\n","protected":false},"author":1,"featured_media":0,"parent":0,"menu_order":0,"comment_status":"closed","ping_status":"closed","template":"","meta":{"footnotes":""},"class_list":["post-87","page","type-page","status-publish","hentry"],"_links":{"self":[{"href":"https:\/\/centrumwm.pl\/index.php?rest_route=\/wp\/v2\/pages\/87","targetHints":{"allow":["GET"]}}],"collection":[{"href":"https:\/\/centrumwm.pl\/index.php?rest_route=\/wp\/v2\/pages"}],"about":[{"href":"https:\/\/centrumwm.pl\/index.php?rest_route=\/wp\/v2\/types\/page"}],"author":[{"embeddable":true,"href":"https:\/\/centrumwm.pl\/index.php?rest_route=\/wp\/v2\/users\/1"}],"replies":[{"embeddable":true,"href":"https:\/\/centrumwm.pl\/index.php?rest_route=%2Fwp%2Fv2%2Fcomments&post=87"}],"version-history":[{"count":15,"href":"https:\/\/centrumwm.pl\/index.php?rest_route=\/wp\/v2\/pages\/87\/revisions"}],"predecessor-version":[{"id":12495,"href":"https:\/\/centrumwm.pl\/index.php?rest_route=\/wp\/v2\/pages\/87\/revisions\/12495"}],"wp:attachment":[{"href":"https:\/\/centrumwm.pl\/index.php?rest_route=%2Fwp%2Fv2%2Fmedia&parent=87"}],"curies":[{"name":"wp","href":"https:\/\/api.w.org\/{rel}","templated":true}]}}