{"id":13393,"date":"2025-05-16T09:38:24","date_gmt":"2025-05-16T07:38:24","guid":{"rendered":"https:\/\/centrumwm.pl\/?page_id=13393"},"modified":"2025-05-23T09:23:50","modified_gmt":"2025-05-23T07:23:50","slug":"kartka-z-kalendarza","status":"publish","type":"page","link":"https:\/\/centrumwm.pl\/?page_id=13393","title":{"rendered":"Kartka z kalendarza"},"content":{"rendered":"\t\t<div data-elementor-type=\"wp-page\" data-elementor-id=\"13393\" class=\"elementor elementor-13393\">\n\t\t\t\t\t\t<section class=\"elementor-section elementor-top-section elementor-element elementor-element-59e9b58 elementor-section-boxed elementor-section-height-default elementor-section-height-default\" data-id=\"59e9b58\" data-element_type=\"section\">\n\t\t\t\t\t\t<div class=\"elementor-container elementor-column-gap-default\">\n\t\t\t\t\t<div class=\"elementor-column elementor-col-100 elementor-top-column elementor-element elementor-element-e560743\" data-id=\"e560743\" data-element_type=\"column\">\n\t\t\t<div class=\"elementor-widget-wrap elementor-element-populated\">\n\t\t\t\t\t\t<div class=\"elementor-element elementor-element-b525f4a elementor-widget thim-widget-list-post\" data-id=\"b525f4a\" data-element_type=\"widget\" data-widget_type=\"thim-list-post.default\">\n\t\t\t\t<div class=\"elementor-widget-container\">\n\t\t\t\t\t<div class=\"sc-list-post thim-list-posts thim-owl-carousel-post row homepage\" >\n\t<div class=\"item-post col-sm-4 has_thumb post-13407 post type-post status-publish format-gallery has-post-thumbnail hentry category-kartka-z-kalendarza post_format-post-format-gallery\">\n\t\t<div class=\"article-image image\"><a href=\"https:\/\/centrumwm.pl\/?p=13407\"><img decoding=\"async\" width=\"150\" height=\"150\" src=\"https:\/\/centrumwm.pl\/wp-content\/uploads\/2025\/05\/1747252383760-1-150x150.jpg\" class=\"attachment-thumbnail size-thumbnail wp-post-image\" alt=\"\" srcset=\"https:\/\/centrumwm.pl\/wp-content\/uploads\/2025\/05\/1747252383760-1-150x150.jpg 150w, https:\/\/centrumwm.pl\/wp-content\/uploads\/2025\/05\/1747252383760-1-scaled-440x440.jpg 440w\" sizes=\"(max-width: 150px) 100vw, 150px\" \/><\/a><\/div><div class=\"content\"><div class=\"info\">\n\t\t\t\t\t\t<div class=\"author\"><span>Klaudia Strzeli\u0144ska<\/span><\/div>\n\t\t\t\t\t\t<div class=\"date\">2025-05-16<\/div>\n\t\t\t\t\t<\/div><h4 class=\"title\"><a href=\"https:\/\/centrumwm.pl\/?p=13407\">TLE\u0143 22-24 maja 2024 r.<\/a><\/h4><a class=\"read-more list-post-read-more-homepage\" href=\"https:\/\/centrumwm.pl\/?p=13407\">Czytaj wi\u0119cej<\/a><\/div><\/div>\n\t<div class=\"item-post col-sm-4 has_thumb post-13442 post type-post status-publish format-standard has-post-thumbnail hentry category-kartka-z-kalendarza\">\n\t\t<div class=\"article-image image\"><a href=\"https:\/\/centrumwm.pl\/?p=13442\"><img decoding=\"async\" width=\"150\" height=\"150\" src=\"https:\/\/centrumwm.pl\/wp-content\/uploads\/2025\/05\/1647254961211-1-150x150.jpg\" class=\"attachment-thumbnail size-thumbnail wp-post-image\" alt=\"\" \/><\/a><\/div><div class=\"content\"><div class=\"info\">\n\t\t\t\t\t\t<div class=\"author\"><span>Klaudia Strzeli\u0144ska<\/span><\/div>\n\t\t\t\t\t\t<div class=\"date\">2025-05-23<\/div>\n\t\t\t\t\t<\/div><h4 class=\"title\"><a href=\"https:\/\/centrumwm.pl\/?p=13442\">GDA\u0143SK<\/a><\/h4><a class=\"read-more list-post-read-more-homepage\" href=\"https:\/\/centrumwm.pl\/?p=13442\">Czytaj wi\u0119cej<\/a><\/div><\/div>\n\t<div class=\"item-post col-sm-4 has_thumb post-13473 post type-post status-publish format-standard has-post-thumbnail hentry category-kartka-z-kalendarza\">\n\t\t<div class=\"article-image image\"><a href=\"https:\/\/centrumwm.pl\/?p=13473\"><img decoding=\"async\" width=\"150\" height=\"150\" src=\"https:\/\/centrumwm.pl\/wp-content\/uploads\/2025\/05\/1747248803073-150x150.jpg\" class=\"attachment-thumbnail size-thumbnail wp-post-image\" alt=\"\" \/><\/a><\/div><div class=\"content\"><div class=\"info\">\n\t\t\t\t\t\t<div class=\"author\"><span>Klaudia Strzeli\u0144ska<\/span><\/div>\n\t\t\t\t\t\t<div class=\"date\">2025-05-23<\/div>\n\t\t\t\t\t<\/div><h4 class=\"title\"><a href=\"https:\/\/centrumwm.pl\/?p=13473\">FOJUTOWO<\/a><\/h4><a class=\"read-more list-post-read-more-homepage\" href=\"https:\/\/centrumwm.pl\/?p=13473\">Czytaj wi\u0119cej<\/a><\/div><\/div><\/div>\t\t\t\t<\/div>\n\t\t\t\t<\/div>\n\t\t\t\t\t<\/div>\n\t\t<\/div>\n\t\t\t\t\t<\/div>\n\t\t<\/section>\n\t\t\t\t<\/div>\n\t\t","protected":false},"excerpt":{"rendered":"<p>Klaudia Strzeli\u0144ska 2025-05-16 TLE\u0143 22-24 maja 2024 r. Czytaj wi\u0119cej<\/p>\n","protected":false},"author":2,"featured_media":0,"parent":0,"menu_order":0,"comment_status":"closed","ping_status":"closed","template":"","meta":{"footnotes":""},"class_list":["post-13393","page","type-page","status-publish","hentry"],"_links":{"self":[{"href":"https:\/\/centrumwm.pl\/index.php?rest_route=\/wp\/v2\/pages\/13393","targetHints":{"allow":["GET"]}}],"collection":[{"href":"https:\/\/centrumwm.pl\/index.php?rest_route=\/wp\/v2\/pages"}],"about":[{"href":"https:\/\/centrumwm.pl\/index.php?rest_route=\/wp\/v2\/types\/page"}],"author":[{"embeddable":true,"href":"https:\/\/centrumwm.pl\/index.php?rest_route=\/wp\/v2\/users\/2"}],"replies":[{"embeddable":true,"href":"https:\/\/centrumwm.pl\/index.php?rest_route=%2Fwp%2Fv2%2Fcomments&post=13393"}],"version-history":[{"count":28,"href":"https:\/\/centrumwm.pl\/index.php?rest_route=\/wp\/v2\/pages\/13393\/revisions"}],"predecessor-version":[{"id":13441,"href":"https:\/\/centrumwm.pl\/index.php?rest_route=\/wp\/v2\/pages\/13393\/revisions\/13441"}],"wp:attachment":[{"href":"https:\/\/centrumwm.pl\/index.php?rest_route=%2Fwp%2Fv2%2Fmedia&parent=13393"}],"curies":[{"name":"wp","href":"https:\/\/api.w.org\/{rel}","templated":true}]}}