{"id":12713,"date":"2023-09-08T18:57:05","date_gmt":"2023-09-08T16:57:05","guid":{"rendered":"https:\/\/centrumwm.pl\/?page_id=12713"},"modified":"2023-09-08T19:34:35","modified_gmt":"2023-09-08T17:34:35","slug":"zapisy","status":"publish","type":"page","link":"https:\/\/centrumwm.pl\/?page_id=12713","title":{"rendered":"Zapisy"},"content":{"rendered":"\t\t<div data-elementor-type=\"wp-page\" data-elementor-id=\"12713\" class=\"elementor elementor-12713\">\n\t\t\t\t\t\t<section class=\"elementor-section elementor-top-section elementor-element elementor-element-af581d9 elementor-section-boxed elementor-section-height-default elementor-section-height-default\" data-id=\"af581d9\" data-element_type=\"section\">\n\t\t\t\t\t\t<div class=\"elementor-container elementor-column-gap-default\">\n\t\t\t\t\t<div class=\"elementor-column elementor-col-100 elementor-top-column elementor-element elementor-element-3c906fc\" data-id=\"3c906fc\" data-element_type=\"column\">\n\t\t\t<div class=\"elementor-widget-wrap elementor-element-populated\">\n\t\t\t\t\t\t<div class=\"elementor-element elementor-element-ade5156 elementor-widget elementor-widget-text-editor\" data-id=\"ade5156\" data-element_type=\"widget\" data-widget_type=\"text-editor.default\">\n\t\t\t\t<div class=\"elementor-widget-container\">\n\t\t\t\t\t\t\t\t\t<p>Aktualne terminy kolonii i oboz\u00f3w znajdziecie pa\u0144stwo w zak\u0142adce aktualno\u015bci.<\/p><p><strong>Prosimy o dok\u0142adne zapoznanie si\u0119 z poszczeg\u00f3lnymi terminami i dokona\u0107 rezerwacji online lub telefonicznej.<\/strong><\/p><p>\u00a0<\/p><p>\u00a0<\/p>\t\t\t\t\t\t\t\t<\/div>\n\t\t\t\t<\/div>\n\t\t\t\t\t<\/div>\n\t\t<\/div>\n\t\t\t\t\t<\/div>\n\t\t<\/section>\n\t\t\t\t<\/div>\n\t\t","protected":false},"excerpt":{"rendered":"<p>Aktualne terminy kolonii i oboz\u00f3w znajdziecie pa\u0144stwo w zak\u0142adce aktualno\u015bci. Prosimy o dok\u0142adne zapoznanie si\u0119 z poszczeg\u00f3lnymi terminami i dokona\u0107 rezerwacji online lub telefonicznej. \u00a0 \u00a0 Dzie\u0144 przyjazdu: &#916;<\/p>\n","protected":false},"author":2,"featured_media":0,"parent":0,"menu_order":0,"comment_status":"closed","ping_status":"closed","template":"","meta":{"footnotes":""},"class_list":["post-12713","page","type-page","status-publish","hentry"],"_links":{"self":[{"href":"https:\/\/centrumwm.pl\/index.php?rest_route=\/wp\/v2\/pages\/12713","targetHints":{"allow":["GET"]}}],"collection":[{"href":"https:\/\/centrumwm.pl\/index.php?rest_route=\/wp\/v2\/pages"}],"about":[{"href":"https:\/\/centrumwm.pl\/index.php?rest_route=\/wp\/v2\/types\/page"}],"author":[{"embeddable":true,"href":"https:\/\/centrumwm.pl\/index.php?rest_route=\/wp\/v2\/users\/2"}],"replies":[{"embeddable":true,"href":"https:\/\/centrumwm.pl\/index.php?rest_route=%2Fwp%2Fv2%2Fcomments&post=12713"}],"version-history":[{"count":13,"href":"https:\/\/centrumwm.pl\/index.php?rest_route=\/wp\/v2\/pages\/12713\/revisions"}],"predecessor-version":[{"id":12742,"href":"https:\/\/centrumwm.pl\/index.php?rest_route=\/wp\/v2\/pages\/12713\/revisions\/12742"}],"wp:attachment":[{"href":"https:\/\/centrumwm.pl\/index.php?rest_route=%2Fwp%2Fv2%2Fmedia&parent=12713"}],"curies":[{"name":"wp","href":"https:\/\/api.w.org\/{rel}","templated":true}]}}