{"id":12530,"date":"2023-05-23T08:45:50","date_gmt":"2023-05-23T06:45:50","guid":{"rendered":"https:\/\/centrumwm.pl\/?page_id=12530"},"modified":"2023-05-23T08:45:50","modified_gmt":"2023-05-23T06:45:50","slug":"wypoczynek-letni-2023","status":"publish","type":"page","link":"https:\/\/centrumwm.pl\/?page_id=12530","title":{"rendered":"Wypoczynek letni 2023"},"content":{"rendered":"<p><strong>WYPOCZYNEK LETNI 2023. NASZE NAJBLI\u017bSZE PLANY!<\/strong><\/p>\n<p><strong>Niezale\u017cnie czy mieszkasz na wsi, czy w du\u017cym mie\u015bcie mo\u017cesz cieszy\u0107 si\u0119 atrakcyjnym<br \/>\ni udanym wypoczynkiem w komfortowych warunkach w miejscowo\u015bciach nad jeziorem: w Tleniu w Borach Tucholskich i nad morzem: \u201eW per\u0142ach Ba\u0142tyku\u201d: Jaros\u0142awcu i Mrze\u017cynie.<\/strong><\/p>\n<p><strong>ORGANIZUJEMY R\u00d3WNIE\u017b KOLONIE DLA DZIECI ROLNIK\u00d3W.<\/strong><\/p>\n<p>Centrum Wspierania M\u0142odzie\u017cy kontynuuje dzia\u0142ania w sferze organizacji wypoczynku zimowego i letniego przez cz\u0142onk\u00f3w organizacji od pocz\u0105tku lat 2000.<\/p>\n<p>Trzon kadry zarz\u0105dzaj\u0105cej organizacji: Maciej Archanio\u0142owicz &#8211; prezes, Magdalena Baranowska-Walczak &#8211; wiceprezes, Klaudia Strzeli\u0144ska &#8211; skarbnik oraz Agnieszka Kowalewska &#8211; sekretarz, stanowi\u0105 osoby, kt\u00f3re nadzorowa\u0142y i uczestniczy\u0142y co rocznie w realizacji zada\u0144 publicznych skierowanych do m\u0142odych ludzi wsp\u00f3\u0142pracuj\u0105c przez wiele lat mi\u0119dzy innymi z urz\u0119dami administracji publicznej i samorz\u0105dowej.<\/p>\n<p><strong>\u00a0<\/strong><\/p>\n<p><strong>W 2023 roku zapraszamy na nast\u0119puj\u0105ce kolonie tematyczne:<\/strong><\/p>\n<ol>\n<li><strong> \u201eMoja Pierwsza Kolonia\u201d<\/strong> turnusy dla najm\u0142odszych dzieci w wieku od 6 do 12 lat.<\/li>\n<\/ol>\n<p>Dla niekt\u00f3rych milusi\u0144skich to ich pierwszy raz poza domem. To trudny czas bez mamy<br \/>\ni taty. Od 2011 roku podejmujemy to trudne wyzwanie. Zapewniamy prawdziwie rodzinny klimat.\u00a0 Drog\u0119 do sukcesu stanowi doskona\u0142a kadra, idealna na\u00a0<em>kolonie<\/em>\u00a0dla najm\u0142odszych uczestnik\u00f3w i niepowtarzalny program wypoczynku.<\/p>\n<ol>\n<li><strong> \u201eP\u0142ywam jak Ryba\u201d<\/strong> turnusy dla najm\u0142odszych dzieci w wieku od 8 do 14 lat.<\/li>\n<\/ol>\n<p>Jeste\u015bmy jednymi z nielicznych organizator\u00f3w kolonii w Polsce, kt\u00f3rzy proponuj\u0105 i propaguj\u0105 tak\u0105 form\u0119 wypoczynku.\u00a0 Projekt ma charakter nowatorski, gdy\u017c umo\u017cliwia dzieciom nabycie bardzo wa\u017cnej \u017cyciowo umiej\u0119tno\u015bci-p\u0142ywania pod okiem wykwalifikowanych instruktor\u00f3w p\u0142ywania w Tleniu. 20-godzinny cykl zaj\u0119\u0107 ko\u0144czy si\u0119 egzaminem i uzyskaniem karty p\u0142ywackiej po\u015bwiadczaj\u0105cej nabycie podstawowych umiej\u0119tno\u015bci p\u0142ywackich.<\/p>\n<p><strong>III. \u201eDWA K\u00d3\u0141KA&amp;KAYAK\u201d<\/strong><\/p>\n<p>Ob\u00f3z zosta\u0142 stworzony z my\u015bl\u0105 o dzieciach i m\u0142odzie\u017cy, kt\u00f3ra chce sp\u0119dzi\u0107 wakacje aktywnie i z pasj\u0105. Nasz\u0105 propozycj\u0105 jest rower a do niego kajak. Zapraszamy dziewcz\u0119ta i ch\u0142opc\u00f3w w wieku od 8 do 16 lat. Jedyne czego wymagamy od uczestnik\u00f3w obozu to otwarta g\u0142owa i pozytywne nastawienie. Je\u015bli obs\u0142uga roweru nie jest Ci obca to \u015bwietnie, dzi\u0119ki cudownemu otoczeniu rzeki Wdy odkryjesz uroki kajakarstwa i b\u0142ogiego sp\u0119dzania czasu na wodzie.<\/p>\n<ol>\n<li><strong> SURVIVALOVE\u2026\u2026POZNAJ SIEBIE, ZMIERZ SI\u0118 ZE SOB\u0104\u2026 <\/strong><\/li>\n<\/ol>\n<p>Ob\u00f3z zosta\u0142 stworzony z my\u015bl\u0105 o m\u0142odzie\u017cy w wieku 12-17 lat, kt\u00f3ra chce sp\u0119dzi\u0107 wakacje aktywnie i z pasj\u0105. Po\u0142\u0105czenie nieprzewidywalno\u015bci z przygod\u0105. Surrvivalove szale\u0144stwo. Nie zawsze \u015bpimy do 10.00 rano i na wygodnych \u0142\u00f3\u017ckach. Zdarzy si\u0119 pobudka o wschodzie s\u0142o\u0144ca a nocka pod go\u0142ym niebem pe\u0142nym gwiazd. Program nawi\u0105zuje do tradycji organizowanych oboz\u00f3w harcerskich.<\/p>\n<p>Zaj\u0119cia survivalove obejmuj\u0105 nast\u0119puj\u0105ce bloki:<\/p>\n<p>PORANEK KOJOTA<\/p>\n<p>Sp\u0142yw kajakowy rzek\u0105 po wschodzie s\u0142o\u0144ca, w porannej rosie i mgle. Zasady bezpiecze\u0144stwa na l\u0105dzie i wodzie.<\/p>\n<p>NOC POD KO\u0141DR\u0104 Z GWIAZD<\/p>\n<p>Nocka sp\u0119dzona pod namiotem, \u015bpimy na karimacie w g\u0142uszy. Wstajemy i wsp\u00f3lnie przygotowujemy posi\u0142ek.<\/p>\n<p>W\u0118DR\u00d3WKA TRAPERA<\/p>\n<p>Uczestnicy samodzielnie wyznaczaj\u0105 szlak (15 km), musz\u0105 przygotowa\u0107 si\u0119 do pokonania trasy oraz przygotowa\u0107 prowiant na drog\u0119. Opracowujemy dobre rady na bezpieczne wypady.<\/p>\n<p>MY HOUSE IS MY CASTLE<\/p>\n<p>W\u0142a\u015bciwy wyb\u00f3r miejsca, budowa obozowiska w terenie, niezawodne metody uk\u0142adania i rozpalania ogniska. Ewakuacja na wypadek wyst\u0105pienia r\u00f3\u017cnych zagro\u017ce\u0144.<\/p>\n<p>ROWEROWE SAFARI\u2026<\/p>\n<p>Wreszcie przyszed\u0142 czas na odpoczynek i pla\u017cing w parku wodnym. Dojedziemy tam w jedn\u0105 stron\u0119 na rowerach. Do pokonania mamy 40 km na dw\u00f3ch k\u00f3\u0142kach. Dacie rad\u0119?<\/p>\n<p><img fetchpriority=\"high\" decoding=\"async\" class=\"aligncenter wp-image-12531 size-full\" src=\"https:\/\/centrumwm.pl\/wp-content\/uploads\/2023\/05\/Belka-nr-7.png\" alt=\"\" width=\"1080\" height=\"1080\" srcset=\"https:\/\/centrumwm.pl\/wp-content\/uploads\/2023\/05\/Belka-nr-7.png 1080w, https:\/\/centrumwm.pl\/wp-content\/uploads\/2023\/05\/Belka-nr-7-300x300.png 300w, https:\/\/centrumwm.pl\/wp-content\/uploads\/2023\/05\/Belka-nr-7-1024x1024.png 1024w, https:\/\/centrumwm.pl\/wp-content\/uploads\/2023\/05\/Belka-nr-7-150x150.png 150w, https:\/\/centrumwm.pl\/wp-content\/uploads\/2023\/05\/Belka-nr-7-768x768.png 768w, https:\/\/centrumwm.pl\/wp-content\/uploads\/2023\/05\/Belka-nr-7-600x600.png 600w, https:\/\/centrumwm.pl\/wp-content\/uploads\/2023\/05\/Belka-nr-7-100x100.png 100w\" sizes=\"(max-width: 1080px) 100vw, 1080px\" \/><\/p>\n","protected":false},"excerpt":{"rendered":"<p>WYPOCZYNEK LETNI 2023. NASZE NAJBLI\u017bSZE PLANY! Niezale\u017cnie czy mieszkasz na wsi, czy w du\u017cym mie\u015bcie mo\u017cesz cieszy\u0107 si\u0119 atrakcyjnym i udanym wypoczynkiem w komfortowych warunkach w miejscowo\u015bciach nad jeziorem: w Tleniu w Borach Tucholskich i nad morzem: \u201eW per\u0142ach Ba\u0142tyku\u201d: &hellip; <\/p>\n","protected":false},"author":2,"featured_media":0,"parent":0,"menu_order":0,"comment_status":"closed","ping_status":"closed","template":"","meta":{"footnotes":""},"class_list":["post-12530","page","type-page","status-publish","hentry"],"_links":{"self":[{"href":"https:\/\/centrumwm.pl\/index.php?rest_route=\/wp\/v2\/pages\/12530","targetHints":{"allow":["GET"]}}],"collection":[{"href":"https:\/\/centrumwm.pl\/index.php?rest_route=\/wp\/v2\/pages"}],"about":[{"href":"https:\/\/centrumwm.pl\/index.php?rest_route=\/wp\/v2\/types\/page"}],"author":[{"embeddable":true,"href":"https:\/\/centrumwm.pl\/index.php?rest_route=\/wp\/v2\/users\/2"}],"replies":[{"embeddable":true,"href":"https:\/\/centrumwm.pl\/index.php?rest_route=%2Fwp%2Fv2%2Fcomments&post=12530"}],"version-history":[{"count":1,"href":"https:\/\/centrumwm.pl\/index.php?rest_route=\/wp\/v2\/pages\/12530\/revisions"}],"predecessor-version":[{"id":12532,"href":"https:\/\/centrumwm.pl\/index.php?rest_route=\/wp\/v2\/pages\/12530\/revisions\/12532"}],"wp:attachment":[{"href":"https:\/\/centrumwm.pl\/index.php?rest_route=%2Fwp%2Fv2%2Fmedia&parent=12530"}],"curies":[{"name":"wp","href":"https:\/\/api.w.org\/{rel}","templated":true}]}}