{"id":12527,"date":"2023-05-23T08:44:29","date_gmt":"2023-05-23T06:44:29","guid":{"rendered":"https:\/\/centrumwm.pl\/?page_id=12527"},"modified":"2023-05-23T08:44:29","modified_gmt":"2023-05-23T06:44:29","slug":"zarzad-cwm","status":"publish","type":"page","link":"https:\/\/centrumwm.pl\/?page_id=12527","title":{"rendered":"Zarz\u0105d CWM"},"content":{"rendered":"<p>Grupa otwartych i zaanga\u017cowanych ludzi. Oto nasz zesp\u00f3\u0142:<\/p>\n<p>Maciej Archanio\u0142owicz &#8211; prezes zarz\u0105du,<\/p>\n<p>Magdalena Walczak Baranowska &#8211; wiceprezes zarz\u0105du,<\/p>\n<p>Rados\u0142aw Jaroszewski &#8211; wiceprezes zarz\u0105du,<\/p>\n<p>Klaudia Strzeli\u0144ska &#8211; skarbnik zarz\u0105du,<\/p>\n<p>Agnieszka Kowalewska &#8211; sekretarz zarz\u0105du.<\/p>\n<p><img fetchpriority=\"high\" decoding=\"async\" class=\"aligncenter wp-image-12528 size-full\" src=\"https:\/\/centrumwm.pl\/wp-content\/uploads\/2023\/05\/Belka-nr-6.png\" alt=\"\" width=\"940\" height=\"788\" srcset=\"https:\/\/centrumwm.pl\/wp-content\/uploads\/2023\/05\/Belka-nr-6.png 940w, https:\/\/centrumwm.pl\/wp-content\/uploads\/2023\/05\/Belka-nr-6-300x251.png 300w, https:\/\/centrumwm.pl\/wp-content\/uploads\/2023\/05\/Belka-nr-6-768x644.png 768w, https:\/\/centrumwm.pl\/wp-content\/uploads\/2023\/05\/Belka-nr-6-600x503.png 600w\" sizes=\"(max-width: 940px) 100vw, 940px\" \/><\/p>\n","protected":false},"excerpt":{"rendered":"<p>Grupa otwartych i zaanga\u017cowanych ludzi. Oto nasz zesp\u00f3\u0142: Maciej Archanio\u0142owicz &#8211; prezes zarz\u0105du, Magdalena Walczak Baranowska &#8211; wiceprezes zarz\u0105du, Rados\u0142aw Jaroszewski &#8211; wiceprezes zarz\u0105du, Klaudia Strzeli\u0144ska &#8211; skarbnik zarz\u0105du, Agnieszka Kowalewska &#8211; sekretarz zarz\u0105du.<\/p>\n","protected":false},"author":2,"featured_media":0,"parent":0,"menu_order":0,"comment_status":"closed","ping_status":"closed","template":"","meta":{"footnotes":""},"class_list":["post-12527","page","type-page","status-publish","hentry"],"_links":{"self":[{"href":"https:\/\/centrumwm.pl\/index.php?rest_route=\/wp\/v2\/pages\/12527","targetHints":{"allow":["GET"]}}],"collection":[{"href":"https:\/\/centrumwm.pl\/index.php?rest_route=\/wp\/v2\/pages"}],"about":[{"href":"https:\/\/centrumwm.pl\/index.php?rest_route=\/wp\/v2\/types\/page"}],"author":[{"embeddable":true,"href":"https:\/\/centrumwm.pl\/index.php?rest_route=\/wp\/v2\/users\/2"}],"replies":[{"embeddable":true,"href":"https:\/\/centrumwm.pl\/index.php?rest_route=%2Fwp%2Fv2%2Fcomments&post=12527"}],"version-history":[{"count":1,"href":"https:\/\/centrumwm.pl\/index.php?rest_route=\/wp\/v2\/pages\/12527\/revisions"}],"predecessor-version":[{"id":12529,"href":"https:\/\/centrumwm.pl\/index.php?rest_route=\/wp\/v2\/pages\/12527\/revisions\/12529"}],"wp:attachment":[{"href":"https:\/\/centrumwm.pl\/index.php?rest_route=%2Fwp%2Fv2%2Fmedia&parent=12527"}],"curies":[{"name":"wp","href":"https:\/\/api.w.org\/{rel}","templated":true}]}}