{"id":12521,"date":"2023-05-23T08:43:06","date_gmt":"2023-05-23T06:43:06","guid":{"rendered":"https:\/\/centrumwm.pl\/?page_id=12521"},"modified":"2023-05-23T08:43:06","modified_gmt":"2023-05-23T06:43:06","slug":"nasze-cele","status":"publish","type":"page","link":"https:\/\/centrumwm.pl\/?page_id=12521","title":{"rendered":"Nasze cele"},"content":{"rendered":"<p><strong>NASZE CELE. CZYM CHCEMY SI\u0118 ZAJMOWA\u0106?<\/strong><\/p>\n<p>JAK CHCEMY REALIZOWA\u0106 NASZE CELE? NASZE PRIORYTETY TO:<\/p>\n<ul>\n<li>Tworzenie jednostek codziennego wsparcia dzieci i m\u0142odzie\u017cy w czasie pozaszkolnym,<\/li>\n<li>Podejmowanie dzia\u0142a\u0144 w ramach profilaktyki zdrowotnej i promocji zdrowia,<br \/>\nprzeciwdzia\u0142anie patologiom spo\u0142ecznym i uzale\u017cnieniom, w\u015br\u00f3d grup podwy\u017cszonego ryzyka, promocj\u0119 zdrowego trybu \u017cycia, realizacj\u0119 program\u00f3w z dziedziny socjoterapii dla dzieci i m\u0142odzie\u017cy,<\/li>\n<li>Organizacj\u0119 wypoczynku letniego i zimowego dla dzieci i m\u0142odzie\u017cy, w tym<br \/>\ndefaworyzowanej, niepe\u0142nosprawnej oraz potrzebuj\u0105cej pomocy,<\/li>\n<li>Podtrzymywanie i upowszechnianie tradycji narodowej, piel\u0119gnowanie polsko\u015bci oraz<br \/>\nrozw\u00f3j \u015bwiadomo\u015bci narodowej, obywatelskiej i kulturalnej,<\/li>\n<\/ul>\n<p>5) Realizacja dzia\u0142a\u0144 maj\u0105cych na celu prawid\u0142owy i \u015bwiadomy wyb\u00f3r przez m\u0142odego<br \/>\ncz\u0142owieka drogi zawodowej, kt\u00f3ra b\u0119dzie zgodna z jego pasjami i oczekiwaniami,<br \/>\n6)\u00a0 Promocj\u0119 idei wolontariatu jako dobrowolnej, bezp\u0142atnej, \u015bwiadomej pracy na rzecz innych lub spo\u0142ecze\u0144stwa. Realizacja autorskich projekt\u00f3w wolontariackich dzieci i m\u0142odzie\u017cy<\/p>\n<p>7)\u00a0\u00a0 Promocja idei \u201eW zdrowym ciele, zdrowy duch\u201d poprzez wspieranie i upowszechnianie kultury fizycznej i sportu: organizacja olimpiad sportowych dla dzieci i m\u0142odzie\u017cy, bieg\u00f3w ulicznych, spotka\u0144 i lekcji z mistrzami sportu, organizacja oboz\u00f3w i zgrupowa\u0144\u00a0 sportowych,<\/p>\n<p>8) Pomoc Polonii i Polakom za granic\u0105,<\/p>\n<p>9)\u00a0 Dzia\u0142alno\u015b\u0107 na rzecz rodziny, rodzicielstwa, upowszechniania i ochrony praw dziecka,<\/p>\n<p>10) Tworzenie i prowadzenie o\u015brodk\u00f3w oraz plac\u00f3wek o\u015bwiatowo \u2013 wychowawczych,<\/p>\n<p>11) Zak\u0142adanie i prowadzenie szk\u00f3\u0142 dla dzieci i m\u0142odzie\u017cy,<\/p>\n<p>12) Dzia\u0142alno\u015b\u0107 na rzecz rolnik\u00f3w i ich rodzin polegaj\u0105c\u0105 na: organizacji kolonii letnich\u00a0i zimowych dla dzieci, oboz\u00f3w edukacyjno-szkoleniowych, realizacj\u0119 program\u00f3w z dziedziny promocji zdrowia i profilaktyki spo\u0142ecznej oraz tworzenie jednostek codziennego wsparcia dzieci i m\u0142odzie\u017cy w czasie pozaszkolnym na obszarach wiejskich,<\/p>\n<p>13) Pozosta\u0142e aktywno\u015bci ukierunkowane na dzieci i m\u0142odzie\u017c.<\/p>\n<p><img fetchpriority=\"high\" decoding=\"async\" class=\"aligncenter wp-image-12522 size-full\" src=\"https:\/\/centrumwm.pl\/wp-content\/uploads\/2023\/05\/Belka-nr-4.jpg\" alt=\"\" width=\"1599\" height=\"899\" srcset=\"https:\/\/centrumwm.pl\/wp-content\/uploads\/2023\/05\/Belka-nr-4.jpg 1599w, https:\/\/centrumwm.pl\/wp-content\/uploads\/2023\/05\/Belka-nr-4-300x169.jpg 300w, https:\/\/centrumwm.pl\/wp-content\/uploads\/2023\/05\/Belka-nr-4-1024x576.jpg 1024w, https:\/\/centrumwm.pl\/wp-content\/uploads\/2023\/05\/Belka-nr-4-768x432.jpg 768w, https:\/\/centrumwm.pl\/wp-content\/uploads\/2023\/05\/Belka-nr-4-1536x864.jpg 1536w, https:\/\/centrumwm.pl\/wp-content\/uploads\/2023\/05\/Belka-nr-4-600x337.jpg 600w\" sizes=\"(max-width: 1599px) 100vw, 1599px\" \/><\/p>\n","protected":false},"excerpt":{"rendered":"<p>NASZE CELE. CZYM CHCEMY SI\u0118 ZAJMOWA\u0106? JAK CHCEMY REALIZOWA\u0106 NASZE CELE? NASZE PRIORYTETY TO: Tworzenie jednostek codziennego wsparcia dzieci i m\u0142odzie\u017cy w czasie pozaszkolnym, Podejmowanie dzia\u0142a\u0144 w ramach profilaktyki zdrowotnej i promocji zdrowia, przeciwdzia\u0142anie patologiom spo\u0142ecznym i uzale\u017cnieniom, w\u015br\u00f3d grup &hellip; <\/p>\n","protected":false},"author":2,"featured_media":0,"parent":0,"menu_order":0,"comment_status":"closed","ping_status":"closed","template":"","meta":{"footnotes":""},"class_list":["post-12521","page","type-page","status-publish","hentry"],"_links":{"self":[{"href":"https:\/\/centrumwm.pl\/index.php?rest_route=\/wp\/v2\/pages\/12521","targetHints":{"allow":["GET"]}}],"collection":[{"href":"https:\/\/centrumwm.pl\/index.php?rest_route=\/wp\/v2\/pages"}],"about":[{"href":"https:\/\/centrumwm.pl\/index.php?rest_route=\/wp\/v2\/types\/page"}],"author":[{"embeddable":true,"href":"https:\/\/centrumwm.pl\/index.php?rest_route=\/wp\/v2\/users\/2"}],"replies":[{"embeddable":true,"href":"https:\/\/centrumwm.pl\/index.php?rest_route=%2Fwp%2Fv2%2Fcomments&post=12521"}],"version-history":[{"count":1,"href":"https:\/\/centrumwm.pl\/index.php?rest_route=\/wp\/v2\/pages\/12521\/revisions"}],"predecessor-version":[{"id":12523,"href":"https:\/\/centrumwm.pl\/index.php?rest_route=\/wp\/v2\/pages\/12521\/revisions\/12523"}],"wp:attachment":[{"href":"https:\/\/centrumwm.pl\/index.php?rest_route=%2Fwp%2Fv2%2Fmedia&parent=12521"}],"curies":[{"name":"wp","href":"https:\/\/api.w.org\/{rel}","templated":true}]}}