{"id":12518,"date":"2023-05-23T08:41:57","date_gmt":"2023-05-23T06:41:57","guid":{"rendered":"https:\/\/centrumwm.pl\/?page_id=12518"},"modified":"2024-06-04T00:31:53","modified_gmt":"2024-06-03T22:31:53","slug":"struktury-cwm-jak-funkcjonujemy","status":"publish","type":"page","link":"https:\/\/centrumwm.pl\/?page_id=12518","title":{"rendered":"Struktury CWM. Jak funkcjonujemy?"},"content":{"rendered":"<p><strong>STRUKTURY CWM. JAK FUNKJONUJEMY?<\/strong><\/p>\n<p>Podstawow\u0105 jednostk\u0105 skupiaj\u0105c\u0105 cz\u0142onk\u00f3w CENTRUM WSPIERANIA M\u0141ODZIE\u017bY jest ko\u0142o CWM. Ko\u0142o sk\u0142ada si\u0119 przynajmniej z pi\u0119ciu cz\u0142onk\u00f3w, tworzone jest przez dzieci, m\u0142odzie\u017c i osoby pe\u0142noletnie oddolnie na terenie szko\u0142y lub gminy. Ko\u0142o mo\u017ce rozwija\u0107 sw\u00f3j zasi\u0119g dzia\u0142ania o przylegaj\u0105ce gminy. Ko\u0142o spo\u015br\u00f3d swoich cz\u0142onk\u00f3w wybiera na okres dw\u00f3ch lat LIDERA i nazw\u0119 w\u0142asn\u0105 struktury. Ko\u0142o CWM wyznacza cele dzia\u0142ania organizacji lokalnej w oparciu o Statut CENTRUM WSPIERANIA M\u0141ODZIE\u017bY i sposoby s\u0142u\u017c\u0105ce realizacji za\u0142o\u017ce\u0144 programowych. Ko\u0142o CWM wsp\u00f3\u0142pracuje z Rad\u0105 Wojew\u00f3dzk\u0105 Lider\u00f3w CWM oraz Zarz\u0105dem CENTRUM WSPIERANIA M\u0141ODZIE\u017bY.<\/p>\n<p>Rada Wojew\u00f3dzka Lider\u00f3w CWM skupia poszczeg\u00f3lnych lider\u00f3w k\u00f3\u0142 CWM w danym\u00a0 wojew\u00f3dztwie. Wyznacza kolegialnie kierunki funkcjonowania organizacji wojew\u00f3dzkiej. Podejmuje uchwa\u0142y odno\u015bnie realizacji projekt\u00f3w o charakterze wojew\u00f3dzkim i sk\u0142ada wnioski bud\u017cetowe dla realizacji poszczeg\u00f3lnych projekt\u00f3w o charakterze wojew\u00f3dzkim do Zarz\u0105du CENTRUM WSPIERANIA M\u0141ODZIE\u017bY. Rada Wojew\u00f3dzka Lider\u00f3w CWM wybiera na okres dw\u00f3ch lat ze swojego grona przewodnicz\u0105cego i sekretarza.<\/p>\n<p><a href=\"https:\/\/www.xnxx.com\"><img fetchpriority=\"high\" decoding=\"async\" class=\"wp-image-12519 size-full aligncenter\" src=\"https:\/\/centrumwm.pl\/wp-content\/uploads\/2023\/05\/Belka-nr-3.png\" alt=\"\" width=\"1024\" height=\"768\" srcset=\"https:\/\/centrumwm.pl\/wp-content\/uploads\/2023\/05\/Belka-nr-3.png 1024w, https:\/\/centrumwm.pl\/wp-content\/uploads\/2023\/05\/Belka-nr-3-300x225.png 300w, https:\/\/centrumwm.pl\/wp-content\/uploads\/2023\/05\/Belka-nr-3-768x576.png 768w, https:\/\/centrumwm.pl\/wp-content\/uploads\/2023\/05\/Belka-nr-3-400x300.png 400w, https:\/\/centrumwm.pl\/wp-content\/uploads\/2023\/05\/Belka-nr-3-600x450.png 600w\" sizes=\"(max-width: 1024px) 100vw, 1024px\" \/><\/a><\/p>\n","protected":false},"excerpt":{"rendered":"<p>STRUKTURY CWM. JAK FUNKJONUJEMY? Podstawow\u0105 jednostk\u0105 skupiaj\u0105c\u0105 cz\u0142onk\u00f3w CENTRUM WSPIERANIA M\u0141ODZIE\u017bY jest ko\u0142o CWM. Ko\u0142o sk\u0142ada si\u0119 przynajmniej z pi\u0119ciu cz\u0142onk\u00f3w, tworzone jest przez dzieci, m\u0142odzie\u017c i osoby pe\u0142noletnie oddolnie na terenie szko\u0142y lub gminy. Ko\u0142o mo\u017ce rozwija\u0107 sw\u00f3j zasi\u0119g &hellip; <\/p>\n","protected":false},"author":2,"featured_media":0,"parent":0,"menu_order":0,"comment_status":"closed","ping_status":"closed","template":"","meta":{"footnotes":""},"class_list":["post-12518","page","type-page","status-publish","hentry"],"_links":{"self":[{"href":"https:\/\/centrumwm.pl\/index.php?rest_route=\/wp\/v2\/pages\/12518","targetHints":{"allow":["GET"]}}],"collection":[{"href":"https:\/\/centrumwm.pl\/index.php?rest_route=\/wp\/v2\/pages"}],"about":[{"href":"https:\/\/centrumwm.pl\/index.php?rest_route=\/wp\/v2\/types\/page"}],"author":[{"embeddable":true,"href":"https:\/\/centrumwm.pl\/index.php?rest_route=\/wp\/v2\/users\/2"}],"replies":[{"embeddable":true,"href":"https:\/\/centrumwm.pl\/index.php?rest_route=%2Fwp%2Fv2%2Fcomments&post=12518"}],"version-history":[{"count":2,"href":"https:\/\/centrumwm.pl\/index.php?rest_route=\/wp\/v2\/pages\/12518\/revisions"}],"predecessor-version":[{"id":13149,"href":"https:\/\/centrumwm.pl\/index.php?rest_route=\/wp\/v2\/pages\/12518\/revisions\/13149"}],"wp:attachment":[{"href":"https:\/\/centrumwm.pl\/index.php?rest_route=%2Fwp%2Fv2%2Fmedia&parent=12518"}],"curies":[{"name":"wp","href":"https:\/\/api.w.org\/{rel}","templated":true}]}}